{"id":206,"date":"2021-11-01T16:37:18","date_gmt":"2021-11-01T13:37:18","guid":{"rendered":"https:\/\/palmix.com.tr\/entreprise\/concession\/"},"modified":"2021-11-01T16:37:19","modified_gmt":"2021-11-01T13:37:19","slug":"concession","status":"publish","type":"page","link":"https:\/\/palmix.com.tr\/fr\/entreprise\/concession\/","title":{"rendered":"Concession"},"content":{"rendered":"\n<p>Markam\u0131z\u0131 g\u00fc\u00e7lendirecek i\u015f ortaklar\u0131m\u0131z\u0131 ar\u0131yoruz. Kazanc\u0131m\u0131z\u0131 markam\u0131zdan ve kaliteli \u00fcr\u00fcnlerimizden elde ediyoruz. Deneyimli y\u00f6netim kadromuz ile bayilik s\u00fcre\u00e7lerini en uygun ko\u015fullarda y\u00fcr\u00fctme konusunda iddal\u0131d\u0131r. Bu yolda en adaletli ko\u015fullarla, her iki taraf i\u00e7in de kazan\u00e7 ve keyif sa\u011flayacak \u015fekilde el s\u0131k\u0131\u015f\u0131yoruz.<\/p>\n\n<h3 class=\"wp-block-heading\">Bayilik M\u00fcracaat \u0130\u015flemleri ile \u0130lgili Prosed\u00fcrler<\/h3>\n\n<p>Palmix ve Warme Plass \u00fcr\u00fcnlerinin sat\u0131\u015f bayili\u011fi i\u00e7in, m\u00fcracaat sahibi veya vekili taraf\u0131ndan do\u011frudan PALM\u0130X YAPI K\u0130MYASALLARI \u0130N\u015eAAT NAK. SAN. VE T\u0130C.A.\u015e\u2019 ye yap\u0131lacakt\u0131r.<\/p>\n\n<p>Yukar\u0131da sarahaten belirtilen firma d\u0131\u015f\u0131nda herhangi bir firmaya veya ki\u015filere yap\u0131lan m\u00fcracaatlar kabul edilmez. Ayr\u0131ca usul\u00fcne uygun olmadan yap\u0131lan m\u00fcracaatlar ile posta, e-posta veya faks ile yap\u0131lan m\u00fcracaatlar\u0131n da bir ge\u00e7erlili\u011fi olmay\u0131p, bu m\u00fcracaatlar PALM\u0130X YAPI K\u0130MYASALLARI \u0130N\u015eAAT NAK. SAN. VE T\u0130C.A.\u015e taraf\u0131ndan de\u011ferlendirmeye al\u0131nmaz ve bu dilek\u00e7elere cevap verilmez.<\/p>\n\n<p>Bayilik ayn\u0131 sekt\u00f6rdeki vergi m\u00fckellefiyeti olan firmalara verilir; hi\u00e7bir \u015fekilde vergiye kayd\u0131 olmayan ki\u015filere bayilik verilmeyece\u011finden bu hususa ili\u015fkin m\u00fcracaatlar kabul edilmez. Tetkik s\u0131ras\u0131nda, m\u00fcracaatla ilgili yanl\u0131\u015f yan\u0131lt\u0131c\u0131 beyanlar\u0131n veya sahte evraklar\u0131n tespit edilmesi durumunda, m\u00fcracaat ge\u00e7ersiz say\u0131lacakt\u0131r.<\/p>\n\n<h4 class=\"wp-block-heading\">Bayilik M\u00fcraacatlar\u0131nda \u0130stenecek Belgeler<\/h4>\n\n<p><strong>\u015eirketler i\u00e7in<\/strong><\/p>\n\n<ul class=\"wp-block-list\"><li>\u0130mza Sirk\u00fclerinin fotokopisi<\/li><li>Ticaret Sicil Gazetesi fotokopisi<\/li><li>Vergi Levhas\u0131 fotokopisi<\/li><li>Ortaklara ve temsil yetkisine ait ki\u015filerin Kimlik fotokopileri<\/li><\/ul>\n\n<p><strong>\u015eah\u0131s firmalar\u0131 i\u00e7in<\/strong><\/p>\n\n<ul class=\"wp-block-list\"><li>\u0130mza Sirk\u00fclerinin veya Beyannamesinin fotokopisi<\/li><li>Faaliyet Belgesi fotokopisi<\/li><li>Vergi Levhas\u0131 fotokopisi<\/li><li>Yoklama Fi\u015fi fotokopisi<\/li><li>Kimlik fotokopileri<\/li><\/ul>\n","protected":false},"excerpt":{"rendered":"<p>Markam\u0131z\u0131 g\u00fc\u00e7lendirecek i\u015f ortaklar\u0131m\u0131z\u0131 ar\u0131yoruz. Kazanc\u0131m\u0131z\u0131 markam\u0131zdan ve kaliteli \u00fcr\u00fcnlerimizden elde ediyoruz. Deneyimli y\u00f6netim kadromuz ile bayilik s\u00fcre\u00e7lerini en uygun ko\u015fullarda y\u00fcr\u00fctme konusunda iddal\u0131d\u0131r. Bu yolda en adaletli ko\u015fullarla, her iki taraf i\u00e7in de kazan\u00e7 ve keyif sa\u011flayacak \u015fekilde el s\u0131k\u0131\u015f\u0131yoruz. Bayilik M\u00fcracaat \u0130\u015flemleri ile \u0130lgili Prosed\u00fcrler Palmix ve Warme Plass \u00fcr\u00fcnlerinin sat\u0131\u015f bayili\u011fi i\u00e7in, [&hellip;]<\/p>\n","protected":false},"author":1,"featured_media":0,"parent":192,"menu_order":0,"comment_status":"closed","ping_status":"closed","template":"page-bayilik.php","meta":{"footnotes":""},"class_list":["post-206","page","type-page","status-publish","hentry"],"_links":{"self":[{"href":"https:\/\/palmix.com.tr\/fr\/wp-json\/wp\/v2\/pages\/206","targetHints":{"allow":["GET"]}}],"collection":[{"href":"https:\/\/palmix.com.tr\/fr\/wp-json\/wp\/v2\/pages"}],"about":[{"href":"https:\/\/palmix.com.tr\/fr\/wp-json\/wp\/v2\/types\/page"}],"author":[{"embeddable":true,"href":"https:\/\/palmix.com.tr\/fr\/wp-json\/wp\/v2\/users\/1"}],"replies":[{"embeddable":true,"href":"https:\/\/palmix.com.tr\/fr\/wp-json\/wp\/v2\/comments?post=206"}],"version-history":[{"count":1,"href":"https:\/\/palmix.com.tr\/fr\/wp-json\/wp\/v2\/pages\/206\/revisions"}],"predecessor-version":[{"id":207,"href":"https:\/\/palmix.com.tr\/fr\/wp-json\/wp\/v2\/pages\/206\/revisions\/207"}],"up":[{"embeddable":true,"href":"https:\/\/palmix.com.tr\/fr\/wp-json\/wp\/v2\/pages\/192"}],"wp:attachment":[{"href":"https:\/\/palmix.com.tr\/fr\/wp-json\/wp\/v2\/media?parent=206"}],"curies":[{"name":"wp","href":"https:\/\/api.w.org\/{rel}","templated":true}]}}